{"id":354,"date":"2021-05-24T20:26:44","date_gmt":"2021-05-24T20:26:44","guid":{"rendered":"https:\/\/sivalni-servis.si\/?page_id=354"},"modified":"2021-05-24T20:26:45","modified_gmt":"2021-05-24T20:26:45","slug":"resevanje-sporov","status":"publish","type":"page","link":"https:\/\/sivalni-servis.si\/?page_id=354","title":{"rendered":"RE\u0160EVANJE SPOROV"},"content":{"rendered":"\n<p>IRPS: Podjetje SERVIS IN PRODAJA \u0160IVALNE IN LIKALNE TEHNIKE, DARKO TRATNIK S.P. ne priznava nobenega izvajalca. V primeru medsebojnega spora si podjetje prizadeva za re\u0161itev zadeve v obojestransko korist.<\/p>\n","protected":false},"excerpt":{"rendered":"<p>IRPS: Podjetje SERVIS IN PRODAJA \u0160IVALNE IN LIKALNE TEHNIKE, DARKO TRATNIK S.P. ne priznava nobenega izvajalca. V primeru medsebojnega spora si podjetje prizadeva za re\u0161itev zadeve v obojestransko korist.<\/p>\n<a class=\"moretag noptoppad\" href=\"https:\/\/sivalni-servis.si\/?page_id=354\">Read More...<\/a>","protected":false},"author":1,"featured_media":0,"parent":0,"menu_order":0,"comment_status":"closed","ping_status":"closed","template":"","meta":{"footnotes":""},"class_list":["post-354","page","type-page","status-publish","hentry"],"yoast_head":"<!-- This site is optimized with the Yoast SEO plugin v24.9 - https:\/\/yoast.com\/wordpress\/plugins\/seo\/ -->\n<title>RE\u0160EVANJE SPOROV - \u0160ivalni servis<\/title>\n<meta name=\"robots\" content=\"index, follow, max-snippet:-1, max-image-preview:large, max-video-preview:-1\" \/>\n<link rel=\"canonical\" href=\"https:\/\/sivalni-servis.si\/?page_id=354\" \/>\n<meta property=\"og:locale\" content=\"en_US\" \/>\n<meta property=\"og:type\" content=\"article\" \/>\n<meta property=\"og:title\" content=\"RE\u0160EVANJE SPOROV - \u0160ivalni servis\" \/>\n<meta property=\"og:description\" content=\"IRPS: Podjetje SERVIS IN PRODAJA \u0160IVALNE IN LIKALNE TEHNIKE, DARKO TRATNIK S.P. ne priznava nobenega izvajalca. V primeru medsebojnega spora si podjetje prizadeva za re\u0161itev zadeve v obojestransko korist.\" \/>\n<meta property=\"og:url\" content=\"https:\/\/sivalni-servis.si\/?page_id=354\" \/>\n<meta property=\"og:site_name\" content=\"\u0160ivalni servis\" \/>\n<meta property=\"article:publisher\" content=\"https:\/\/www.facebook.com\/\" \/>\n<meta property=\"article:modified_time\" content=\"2021-05-24T20:26:45+00:00\" \/>\n<meta name=\"twitter:card\" content=\"summary_large_image\" \/>\n<meta name=\"twitter:label1\" content=\"Est. reading time\" \/>\n\t<meta name=\"twitter:data1\" content=\"1 minute\" \/>\n<script type=\"application\/ld+json\" class=\"yoast-schema-graph\">{\"@context\":\"https:\/\/schema.org\",\"@graph\":[{\"@type\":\"WebPage\",\"@id\":\"https:\/\/sivalni-servis.si\/?page_id=354\",\"url\":\"https:\/\/sivalni-servis.si\/?page_id=354\",\"name\":\"RE\u0160EVANJE SPOROV - \u0160ivalni servis\",\"isPartOf\":{\"@id\":\"https:\/\/sivalni-servis.si\/#website\"},\"datePublished\":\"2021-05-24T20:26:44+00:00\",\"dateModified\":\"2021-05-24T20:26:45+00:00\",\"breadcrumb\":{\"@id\":\"https:\/\/sivalni-servis.si\/?page_id=354#breadcrumb\"},\"inLanguage\":\"en-US\",\"potentialAction\":[{\"@type\":\"ReadAction\",\"target\":[\"https:\/\/sivalni-servis.si\/?page_id=354\"]}]},{\"@type\":\"BreadcrumbList\",\"@id\":\"https:\/\/sivalni-servis.si\/?page_id=354#breadcrumb\",\"itemListElement\":[{\"@type\":\"ListItem\",\"position\":1,\"name\":\"Home\",\"item\":\"https:\/\/sivalni-servis.si\/\"},{\"@type\":\"ListItem\",\"position\":2,\"name\":\"RE\u0160EVANJE SPOROV\"}]},{\"@type\":\"WebSite\",\"@id\":\"https:\/\/sivalni-servis.si\/#website\",\"url\":\"https:\/\/sivalni-servis.si\/\",\"name\":\"\u0160ivalni servis\",\"description\":\"Darko Tratnik s.p. \",\"publisher\":{\"@id\":\"https:\/\/sivalni-servis.si\/#organization\"},\"potentialAction\":[{\"@type\":\"SearchAction\",\"target\":{\"@type\":\"EntryPoint\",\"urlTemplate\":\"https:\/\/sivalni-servis.si\/?s={search_term_string}\"},\"query-input\":{\"@type\":\"PropertyValueSpecification\",\"valueRequired\":true,\"valueName\":\"search_term_string\"}}],\"inLanguage\":\"en-US\"},{\"@type\":\"Organization\",\"@id\":\"https:\/\/sivalni-servis.si\/#organization\",\"name\":\"Servis \u0160ivalnih Strojev Tratnik Darko s.p.\",\"url\":\"https:\/\/sivalni-servis.si\/\",\"logo\":{\"@type\":\"ImageObject\",\"inLanguage\":\"en-US\",\"@id\":\"https:\/\/sivalni-servis.si\/#\/schema\/logo\/image\/\",\"url\":\"\",\"contentUrl\":\"\",\"caption\":\"Servis \u0160ivalnih Strojev Tratnik Darko s.p.\"},\"image\":{\"@id\":\"https:\/\/sivalni-servis.si\/#\/schema\/logo\/image\/\"},\"sameAs\":[\"https:\/\/www.facebook.com\/\",\"https:\/\/www.instagram.com\/\",\"https:\/\/www.linkedin.com\/\",\"https:\/\/www.myspace.com\/\",\"https:\/\/www.pinterest.com\/\",\"https:\/\/www.youtube.com\/\"]}]}<\/script>\n<!-- \/ Yoast SEO plugin. -->","yoast_head_json":{"title":"RE\u0160EVANJE SPOROV - \u0160ivalni servis","robots":{"index":"index","follow":"follow","max-snippet":"max-snippet:-1","max-image-preview":"max-image-preview:large","max-video-preview":"max-video-preview:-1"},"canonical":"https:\/\/sivalni-servis.si\/?page_id=354","og_locale":"en_US","og_type":"article","og_title":"RE\u0160EVANJE SPOROV - \u0160ivalni servis","og_description":"IRPS: Podjetje SERVIS IN PRODAJA \u0160IVALNE IN LIKALNE TEHNIKE, DARKO TRATNIK S.P. ne priznava nobenega izvajalca. V primeru medsebojnega spora si podjetje prizadeva za re\u0161itev zadeve v obojestransko korist.","og_url":"https:\/\/sivalni-servis.si\/?page_id=354","og_site_name":"\u0160ivalni servis","article_publisher":"https:\/\/www.facebook.com\/","article_modified_time":"2021-05-24T20:26:45+00:00","twitter_card":"summary_large_image","twitter_misc":{"Est. reading time":"1 minute"},"schema":{"@context":"https:\/\/schema.org","@graph":[{"@type":"WebPage","@id":"https:\/\/sivalni-servis.si\/?page_id=354","url":"https:\/\/sivalni-servis.si\/?page_id=354","name":"RE\u0160EVANJE SPOROV - \u0160ivalni servis","isPartOf":{"@id":"https:\/\/sivalni-servis.si\/#website"},"datePublished":"2021-05-24T20:26:44+00:00","dateModified":"2021-05-24T20:26:45+00:00","breadcrumb":{"@id":"https:\/\/sivalni-servis.si\/?page_id=354#breadcrumb"},"inLanguage":"en-US","potentialAction":[{"@type":"ReadAction","target":["https:\/\/sivalni-servis.si\/?page_id=354"]}]},{"@type":"BreadcrumbList","@id":"https:\/\/sivalni-servis.si\/?page_id=354#breadcrumb","itemListElement":[{"@type":"ListItem","position":1,"name":"Home","item":"https:\/\/sivalni-servis.si\/"},{"@type":"ListItem","position":2,"name":"RE\u0160EVANJE SPOROV"}]},{"@type":"WebSite","@id":"https:\/\/sivalni-servis.si\/#website","url":"https:\/\/sivalni-servis.si\/","name":"\u0160ivalni servis","description":"Darko Tratnik s.p. ","publisher":{"@id":"https:\/\/sivalni-servis.si\/#organization"},"potentialAction":[{"@type":"SearchAction","target":{"@type":"EntryPoint","urlTemplate":"https:\/\/sivalni-servis.si\/?s={search_term_string}"},"query-input":{"@type":"PropertyValueSpecification","valueRequired":true,"valueName":"search_term_string"}}],"inLanguage":"en-US"},{"@type":"Organization","@id":"https:\/\/sivalni-servis.si\/#organization","name":"Servis \u0160ivalnih Strojev Tratnik Darko s.p.","url":"https:\/\/sivalni-servis.si\/","logo":{"@type":"ImageObject","inLanguage":"en-US","@id":"https:\/\/sivalni-servis.si\/#\/schema\/logo\/image\/","url":"","contentUrl":"","caption":"Servis \u0160ivalnih Strojev Tratnik Darko s.p."},"image":{"@id":"https:\/\/sivalni-servis.si\/#\/schema\/logo\/image\/"},"sameAs":["https:\/\/www.facebook.com\/","https:\/\/www.instagram.com\/","https:\/\/www.linkedin.com\/","https:\/\/www.myspace.com\/","https:\/\/www.pinterest.com\/","https:\/\/www.youtube.com\/"]}]}},"_links":{"self":[{"href":"https:\/\/sivalni-servis.si\/index.php?rest_route=\/wp\/v2\/pages\/354","targetHints":{"allow":["GET"]}}],"collection":[{"href":"https:\/\/sivalni-servis.si\/index.php?rest_route=\/wp\/v2\/pages"}],"about":[{"href":"https:\/\/sivalni-servis.si\/index.php?rest_route=\/wp\/v2\/types\/page"}],"author":[{"embeddable":true,"href":"https:\/\/sivalni-servis.si\/index.php?rest_route=\/wp\/v2\/users\/1"}],"replies":[{"embeddable":true,"href":"https:\/\/sivalni-servis.si\/index.php?rest_route=%2Fwp%2Fv2%2Fcomments&post=354"}],"version-history":[{"count":1,"href":"https:\/\/sivalni-servis.si\/index.php?rest_route=\/wp\/v2\/pages\/354\/revisions"}],"predecessor-version":[{"id":355,"href":"https:\/\/sivalni-servis.si\/index.php?rest_route=\/wp\/v2\/pages\/354\/revisions\/355"}],"wp:attachment":[{"href":"https:\/\/sivalni-servis.si\/index.php?rest_route=%2Fwp%2Fv2%2Fmedia&parent=354"}],"curies":[{"name":"wp","href":"https:\/\/api.w.org\/{rel}","templated":true}]}}