{"id":76,"date":"2018-05-10T18:51:53","date_gmt":"2018-05-10T18:51:53","guid":{"rendered":"https:\/\/sivalni-servis.si\/?page_id=76"},"modified":"2023-08-25T11:09:57","modified_gmt":"2023-08-25T11:09:57","slug":"popravilo-sivalnih-strojev-in-likalnikov-v-regiji-stajerska","status":"publish","type":"page","link":"https:\/\/sivalni-servis.si\/?page_id=76","title":{"rendered":"Popravilo \u0161ivalnih strojev in likalnikov"},"content":{"rendered":"<h2 style=\"text-align: center;\"><span style=\"color: #ff0000;\">Popravilo \u0161ivalnih strojev in likalnikov\u00a0<\/span><\/h2>\n<p><strong>Poobla\u0161\u010den servis \u0161ivalnih strojev znamke Pfaff, Brother, Elna, Juki, Texi, Janome, Bagat\u00a0 in vse ostale znamke \u0161ivalnih strojev. Popravila vseh vrst tla\u010dnih likalnikov in likalnih valjev.<\/strong><\/p>\n<p><span style=\"color: #ff0000;\"><em><strong>NOVO NOVO zaradi ve\u010djega povpra\u0161evanja po popravilu \u0161ivalnih strojev iz podro\u010dja Maribora in okolice smo se odlo\u010dili, da stroje sprejemamo tudi v MARIBORU. INFORMACIJE na telefonski \u0161tevilki 040 466 965<\/strong><\/em><\/span><\/p>\n<h2 style=\"text-align: center;\"><em><span style=\"color: #ff0000;\"><strong>Informacije na tel. 041 404 722 Tratnik Darko<\/strong><\/span><\/em><\/h2>\n<p><em><strong>V primeru ve\u010dje oddaljenosti od nas in nujnosti popravila vam po dogovoru nudimo tudi hitra popravila.\u00a0\u00a0<\/strong><\/em><\/p>\n<p><strong>\u00a0<em>Strankam nudimo popravila tudi na terenu.<\/em><\/strong><\/p>\n<p><img loading=\"lazy\" decoding=\"async\" class=\"alignnone size-medium wp-image-264\" src=\"https:\/\/sivalni-servis.si\/wp-content\/uploads\/2019\/11\/78072829_2645436438846553_5045905837663453184_o-300x146.jpg\" alt=\"\" width=\"300\" height=\"146\" srcset=\"https:\/\/sivalni-servis.si\/wp-content\/uploads\/2019\/11\/78072829_2645436438846553_5045905837663453184_o-300x146.jpg 300w, https:\/\/sivalni-servis.si\/wp-content\/uploads\/2019\/11\/78072829_2645436438846553_5045905837663453184_o-768x375.jpg 768w, https:\/\/sivalni-servis.si\/wp-content\/uploads\/2019\/11\/78072829_2645436438846553_5045905837663453184_o-1024x500.jpg 1024w, https:\/\/sivalni-servis.si\/wp-content\/uploads\/2019\/11\/78072829_2645436438846553_5045905837663453184_o.jpg 1312w\" sizes=\"auto, (max-width: 300px) 100vw, 300px\" \/><\/p>\n<p><img loading=\"lazy\" decoding=\"async\" class=\"alignnone size-medium wp-image-287\" src=\"https:\/\/sivalni-servis.si\/wp-content\/uploads\/2020\/10\/likalna-postaja-mak-ron-cmm-860-2870413-300x252.jpg\" alt=\"\" width=\"300\" height=\"252\" srcset=\"https:\/\/sivalni-servis.si\/wp-content\/uploads\/2020\/10\/likalna-postaja-mak-ron-cmm-860-2870413-300x252.jpg 300w, https:\/\/sivalni-servis.si\/wp-content\/uploads\/2020\/10\/likalna-postaja-mak-ron-cmm-860-2870413-1024x858.jpg 1024w, https:\/\/sivalni-servis.si\/wp-content\/uploads\/2020\/10\/likalna-postaja-mak-ron-cmm-860-2870413-768x644.jpg 768w, https:\/\/sivalni-servis.si\/wp-content\/uploads\/2020\/10\/likalna-postaja-mak-ron-cmm-860-2870413.jpg 1200w\" sizes=\"auto, (max-width: 300px) 100vw, 300px\" \/> <img loading=\"lazy\" decoding=\"async\" class=\"alignnone size-medium wp-image-286\" src=\"https:\/\/sivalni-servis.si\/wp-content\/uploads\/2020\/10\/CMM820-1-width-2000px-300x300.jpg\" alt=\"\" width=\"300\" height=\"300\" srcset=\"https:\/\/sivalni-servis.si\/wp-content\/uploads\/2020\/10\/CMM820-1-width-2000px-300x300.jpg 300w, https:\/\/sivalni-servis.si\/wp-content\/uploads\/2020\/10\/CMM820-1-width-2000px-1024x1024.jpg 1024w, https:\/\/sivalni-servis.si\/wp-content\/uploads\/2020\/10\/CMM820-1-width-2000px-150x150.jpg 150w, https:\/\/sivalni-servis.si\/wp-content\/uploads\/2020\/10\/CMM820-1-width-2000px-768x768.jpg 768w, https:\/\/sivalni-servis.si\/wp-content\/uploads\/2020\/10\/CMM820-1-width-2000px-1536x1536.jpg 1536w, https:\/\/sivalni-servis.si\/wp-content\/uploads\/2020\/10\/CMM820-1-width-2000px.jpg 2000w\" sizes=\"auto, (max-width: 300px) 100vw, 300px\" \/> <img loading=\"lazy\" decoding=\"async\" class=\"alignnone size-medium wp-image-285\" src=\"https:\/\/sivalni-servis.si\/wp-content\/uploads\/2020\/10\/A9R127uqxi_1uz93my_fhc-scale-2_00x-scaled-1-300x267.jpg\" alt=\"\" width=\"300\" height=\"267\" srcset=\"https:\/\/sivalni-servis.si\/wp-content\/uploads\/2020\/10\/A9R127uqxi_1uz93my_fhc-scale-2_00x-scaled-1-300x267.jpg 300w, https:\/\/sivalni-servis.si\/wp-content\/uploads\/2020\/10\/A9R127uqxi_1uz93my_fhc-scale-2_00x-scaled-1-1024x911.jpg 1024w, https:\/\/sivalni-servis.si\/wp-content\/uploads\/2020\/10\/A9R127uqxi_1uz93my_fhc-scale-2_00x-scaled-1-768x683.jpg 768w, https:\/\/sivalni-servis.si\/wp-content\/uploads\/2020\/10\/A9R127uqxi_1uz93my_fhc-scale-2_00x-scaled-1-1536x1366.jpg 1536w, https:\/\/sivalni-servis.si\/wp-content\/uploads\/2020\/10\/A9R127uqxi_1uz93my_fhc-scale-2_00x-scaled-1-2048x1822.jpg 2048w\" sizes=\"auto, (max-width: 300px) 100vw, 300px\" \/><\/p>\n<ul>\n<li><\/li>\n<\/ul>\n<ul>\n<li>KJE SE NAHAJAMO?<\/li>\n<\/ul>\n<div>\n<div class=\"contact-map-container\"><iframe loading=\"lazy\" class=\"contact-map\" src=\"https:\/\/www.google.com\/maps\/embed\/v1\/place?q=Savinjska+cesta+108%2C+3310+%C5%BDalec&amp;key=AIzaSyCq4vWNv6eCGe2uvhPRGWQlv80IQp8dwTE\" width=\"600\" height=\"216\" frameborder=\"0\" data-mce-fragment=\"1\"><\/iframe><\/div>\n<div class=\"confit-address\"><a class=\"customize-unpreviewable\" href=\"http:\/\/maps.google.com\/maps?z=16&amp;q=savinjska+cesta+108,+3310+%C5%BDalec\" target=\"_blank\" rel=\"noopener noreferrer\">Savinjska cesta 108, 3310 \u017dalec<\/a><\/div>\n<div><a class=\"fl r-ic1rowmAo0Zc\" title=\"Klic prek pogovorov Hangouts\" href=\"https:\/\/www.google.com\/search?hl=sl&amp;ei=e4b0WqTTJMOWkwX8yb-ACQ&amp;q=%C5%A1ivalni+servis+%C5%BEalec&amp;oq=%C5%A1i&amp;gs_l=psy-ab.3.0.35i39k1l2j0i67k1l4j0i131k1j0i67k1l2j0i131k1.373814.374191.0.375414.2.2.0.0.0.0.200.305.0j1j1.2.0....0...1c.1.64.psy-ab..0.2.303....0.aMetmApgoI0#\" data-number=\"+38637103144\" data-pstn-out-call-url=\"\" data-rtid=\"ic1rowmAo0Zc\" data-ved=\"0ahUKEwimr4L82_vaAhXJMewKHcFvA4sQkAgImgEoADAQ\">(03) 710 31 44<\/a><\/div>\n<div>041 404 722<\/div>\n<\/div>\n","protected":false},"excerpt":{"rendered":"<p>Popravilo \u0161ivalnih strojev in likalnikov\u00a0 Poobla\u0161\u010den servis \u0161ivalnih strojev znamke Pfaff, Brother, Elna, Juki, Texi, Janome, Bagat\u00a0 in vse ostale znamke \u0161ivalnih strojev. Popravila vseh vrst tla\u010dnih likalnikov in likalnih valjev. NOVO<\/p>\n<a class=\"moretag noptoppad\" href=\"https:\/\/sivalni-servis.si\/?page_id=76\">Read More...<\/a>","protected":false},"author":1,"featured_media":12,"parent":0,"menu_order":0,"comment_status":"closed","ping_status":"closed","template":"","meta":{"footnotes":""},"class_list":["post-76","page","type-page","status-publish","has-post-thumbnail","hentry"],"yoast_head":"<!-- This site is optimized with the Yoast SEO plugin v24.9 - https:\/\/yoast.com\/wordpress\/plugins\/seo\/ -->\n<title>Popravilo \u0161ivalnih strojev in likalnikov v regiji \u0160tajerska, Darko Tratnik s.p.<\/title>\n<meta name=\"description\" content=\"Popravilo \u0161ivalnih strojev in likalnikov v regiji \u0160tajerska v podjetju Darko Tratnik s.p. samo za vas. Poobla\u0161\u010den servis \u0161ivalnih strojev znamke Pfaff, Brother, Elna, popravila na terenu, prodaja gospodinjskih \u0161ivalnih aparatov, prodaja industrijskih strojev, prodaja rabljenih strojev z garancijo.\" \/>\n<meta name=\"robots\" content=\"index, follow, max-snippet:-1, max-image-preview:large, max-video-preview:-1\" \/>\n<link rel=\"canonical\" href=\"https:\/\/sivalni-servis.si\/?page_id=76\" \/>\n<meta property=\"og:locale\" content=\"en_US\" \/>\n<meta property=\"og:type\" content=\"article\" \/>\n<meta property=\"og:title\" content=\"Popravilo \u0161ivalnih strojev in likalnikov v regiji \u0160tajerska, Darko Tratnik s.p.\" \/>\n<meta property=\"og:description\" content=\"Popravilo \u0161ivalnih strojev in likalnikov v regiji \u0160tajerska v podjetju Darko Tratnik s.p. samo za vas. Poobla\u0161\u010den servis \u0161ivalnih strojev znamke Pfaff, Brother, Elna, popravila na terenu, prodaja gospodinjskih \u0161ivalnih aparatov, prodaja industrijskih strojev, prodaja rabljenih strojev z garancijo.\" \/>\n<meta property=\"og:url\" content=\"https:\/\/sivalni-servis.si\/?page_id=76\" \/>\n<meta property=\"og:site_name\" content=\"\u0160ivalni servis\" \/>\n<meta property=\"article:publisher\" content=\"https:\/\/www.facebook.com\/\" \/>\n<meta property=\"article:modified_time\" content=\"2023-08-25T11:09:57+00:00\" \/>\n<meta property=\"og:image\" content=\"https:\/\/sivalni-servis.si\/wp-content\/uploads\/2018\/05\/Servis-\u0160ivalnih-Strojev-Tratnik-Darko-s.p..jpg\" \/>\n\t<meta property=\"og:image:width\" content=\"268\" \/>\n\t<meta property=\"og:image:height\" content=\"357\" \/>\n\t<meta property=\"og:image:type\" content=\"image\/jpeg\" \/>\n<meta name=\"twitter:card\" content=\"summary_large_image\" \/>\n<meta name=\"twitter:label1\" content=\"Est. reading time\" \/>\n\t<meta name=\"twitter:data1\" content=\"2 minutes\" \/>\n<script type=\"application\/ld+json\" class=\"yoast-schema-graph\">{\"@context\":\"https:\/\/schema.org\",\"@graph\":[{\"@type\":\"WebPage\",\"@id\":\"https:\/\/sivalni-servis.si\/?page_id=76\",\"url\":\"https:\/\/sivalni-servis.si\/?page_id=76\",\"name\":\"Popravilo \u0161ivalnih strojev in likalnikov v regiji \u0160tajerska, Darko Tratnik s.p.\",\"isPartOf\":{\"@id\":\"https:\/\/sivalni-servis.si\/#website\"},\"primaryImageOfPage\":{\"@id\":\"https:\/\/sivalni-servis.si\/?page_id=76#primaryimage\"},\"image\":{\"@id\":\"https:\/\/sivalni-servis.si\/?page_id=76#primaryimage\"},\"thumbnailUrl\":\"https:\/\/sivalni-servis.si\/wp-content\/uploads\/2018\/05\/Servis-\u0160ivalnih-Strojev-Tratnik-Darko-s.p..jpg\",\"datePublished\":\"2018-05-10T18:51:53+00:00\",\"dateModified\":\"2023-08-25T11:09:57+00:00\",\"description\":\"Popravilo \u0161ivalnih strojev in likalnikov v regiji \u0160tajerska v podjetju Darko Tratnik s.p. samo za vas. Poobla\u0161\u010den servis \u0161ivalnih strojev znamke Pfaff, Brother, Elna, popravila na terenu, prodaja gospodinjskih \u0161ivalnih aparatov, prodaja industrijskih strojev, prodaja rabljenih strojev z garancijo.\",\"breadcrumb\":{\"@id\":\"https:\/\/sivalni-servis.si\/?page_id=76#breadcrumb\"},\"inLanguage\":\"en-US\",\"potentialAction\":[{\"@type\":\"ReadAction\",\"target\":[\"https:\/\/sivalni-servis.si\/?page_id=76\"]}]},{\"@type\":\"ImageObject\",\"inLanguage\":\"en-US\",\"@id\":\"https:\/\/sivalni-servis.si\/?page_id=76#primaryimage\",\"url\":\"https:\/\/sivalni-servis.si\/wp-content\/uploads\/2018\/05\/Servis-\u0160ivalnih-Strojev-Tratnik-Darko-s.p..jpg\",\"contentUrl\":\"https:\/\/sivalni-servis.si\/wp-content\/uploads\/2018\/05\/Servis-\u0160ivalnih-Strojev-Tratnik-Darko-s.p..jpg\",\"width\":268,\"height\":357,\"caption\":\"iNDUSTRIJSKI STROJ juki\"},{\"@type\":\"BreadcrumbList\",\"@id\":\"https:\/\/sivalni-servis.si\/?page_id=76#breadcrumb\",\"itemListElement\":[{\"@type\":\"ListItem\",\"position\":1,\"name\":\"Home\",\"item\":\"https:\/\/sivalni-servis.si\/\"},{\"@type\":\"ListItem\",\"position\":2,\"name\":\"Popravilo \u0161ivalnih strojev in likalnikov\"}]},{\"@type\":\"WebSite\",\"@id\":\"https:\/\/sivalni-servis.si\/#website\",\"url\":\"https:\/\/sivalni-servis.si\/\",\"name\":\"\u0160ivalni servis\",\"description\":\"Darko Tratnik s.p. \",\"publisher\":{\"@id\":\"https:\/\/sivalni-servis.si\/#organization\"},\"potentialAction\":[{\"@type\":\"SearchAction\",\"target\":{\"@type\":\"EntryPoint\",\"urlTemplate\":\"https:\/\/sivalni-servis.si\/?s={search_term_string}\"},\"query-input\":{\"@type\":\"PropertyValueSpecification\",\"valueRequired\":true,\"valueName\":\"search_term_string\"}}],\"inLanguage\":\"en-US\"},{\"@type\":\"Organization\",\"@id\":\"https:\/\/sivalni-servis.si\/#organization\",\"name\":\"Servis \u0160ivalnih Strojev Tratnik Darko s.p.\",\"url\":\"https:\/\/sivalni-servis.si\/\",\"logo\":{\"@type\":\"ImageObject\",\"inLanguage\":\"en-US\",\"@id\":\"https:\/\/sivalni-servis.si\/#\/schema\/logo\/image\/\",\"url\":\"\",\"contentUrl\":\"\",\"caption\":\"Servis \u0160ivalnih Strojev Tratnik Darko s.p.\"},\"image\":{\"@id\":\"https:\/\/sivalni-servis.si\/#\/schema\/logo\/image\/\"},\"sameAs\":[\"https:\/\/www.facebook.com\/\",\"https:\/\/www.instagram.com\/\",\"https:\/\/www.linkedin.com\/\",\"https:\/\/www.myspace.com\/\",\"https:\/\/www.pinterest.com\/\",\"https:\/\/www.youtube.com\/\"]}]}<\/script>\n<!-- \/ Yoast SEO plugin. -->","yoast_head_json":{"title":"Popravilo \u0161ivalnih strojev in likalnikov v regiji \u0160tajerska, Darko Tratnik s.p.","description":"Popravilo \u0161ivalnih strojev in likalnikov v regiji \u0160tajerska v podjetju Darko Tratnik s.p. samo za vas. Poobla\u0161\u010den servis \u0161ivalnih strojev znamke Pfaff, Brother, Elna, popravila na terenu, prodaja gospodinjskih \u0161ivalnih aparatov, prodaja industrijskih strojev, prodaja rabljenih strojev z garancijo.","robots":{"index":"index","follow":"follow","max-snippet":"max-snippet:-1","max-image-preview":"max-image-preview:large","max-video-preview":"max-video-preview:-1"},"canonical":"https:\/\/sivalni-servis.si\/?page_id=76","og_locale":"en_US","og_type":"article","og_title":"Popravilo \u0161ivalnih strojev in likalnikov v regiji \u0160tajerska, Darko Tratnik s.p.","og_description":"Popravilo \u0161ivalnih strojev in likalnikov v regiji \u0160tajerska v podjetju Darko Tratnik s.p. samo za vas. Poobla\u0161\u010den servis \u0161ivalnih strojev znamke Pfaff, Brother, Elna, popravila na terenu, prodaja gospodinjskih \u0161ivalnih aparatov, prodaja industrijskih strojev, prodaja rabljenih strojev z garancijo.","og_url":"https:\/\/sivalni-servis.si\/?page_id=76","og_site_name":"\u0160ivalni servis","article_publisher":"https:\/\/www.facebook.com\/","article_modified_time":"2023-08-25T11:09:57+00:00","og_image":[{"width":268,"height":357,"url":"https:\/\/sivalni-servis.si\/wp-content\/uploads\/2018\/05\/Servis-\u0160ivalnih-Strojev-Tratnik-Darko-s.p..jpg","type":"image\/jpeg"}],"twitter_card":"summary_large_image","twitter_misc":{"Est. reading time":"2 minutes"},"schema":{"@context":"https:\/\/schema.org","@graph":[{"@type":"WebPage","@id":"https:\/\/sivalni-servis.si\/?page_id=76","url":"https:\/\/sivalni-servis.si\/?page_id=76","name":"Popravilo \u0161ivalnih strojev in likalnikov v regiji \u0160tajerska, Darko Tratnik s.p.","isPartOf":{"@id":"https:\/\/sivalni-servis.si\/#website"},"primaryImageOfPage":{"@id":"https:\/\/sivalni-servis.si\/?page_id=76#primaryimage"},"image":{"@id":"https:\/\/sivalni-servis.si\/?page_id=76#primaryimage"},"thumbnailUrl":"https:\/\/sivalni-servis.si\/wp-content\/uploads\/2018\/05\/Servis-\u0160ivalnih-Strojev-Tratnik-Darko-s.p..jpg","datePublished":"2018-05-10T18:51:53+00:00","dateModified":"2023-08-25T11:09:57+00:00","description":"Popravilo \u0161ivalnih strojev in likalnikov v regiji \u0160tajerska v podjetju Darko Tratnik s.p. samo za vas. Poobla\u0161\u010den servis \u0161ivalnih strojev znamke Pfaff, Brother, Elna, popravila na terenu, prodaja gospodinjskih \u0161ivalnih aparatov, prodaja industrijskih strojev, prodaja rabljenih strojev z garancijo.","breadcrumb":{"@id":"https:\/\/sivalni-servis.si\/?page_id=76#breadcrumb"},"inLanguage":"en-US","potentialAction":[{"@type":"ReadAction","target":["https:\/\/sivalni-servis.si\/?page_id=76"]}]},{"@type":"ImageObject","inLanguage":"en-US","@id":"https:\/\/sivalni-servis.si\/?page_id=76#primaryimage","url":"https:\/\/sivalni-servis.si\/wp-content\/uploads\/2018\/05\/Servis-\u0160ivalnih-Strojev-Tratnik-Darko-s.p..jpg","contentUrl":"https:\/\/sivalni-servis.si\/wp-content\/uploads\/2018\/05\/Servis-\u0160ivalnih-Strojev-Tratnik-Darko-s.p..jpg","width":268,"height":357,"caption":"iNDUSTRIJSKI STROJ juki"},{"@type":"BreadcrumbList","@id":"https:\/\/sivalni-servis.si\/?page_id=76#breadcrumb","itemListElement":[{"@type":"ListItem","position":1,"name":"Home","item":"https:\/\/sivalni-servis.si\/"},{"@type":"ListItem","position":2,"name":"Popravilo \u0161ivalnih strojev in likalnikov"}]},{"@type":"WebSite","@id":"https:\/\/sivalni-servis.si\/#website","url":"https:\/\/sivalni-servis.si\/","name":"\u0160ivalni servis","description":"Darko Tratnik s.p. ","publisher":{"@id":"https:\/\/sivalni-servis.si\/#organization"},"potentialAction":[{"@type":"SearchAction","target":{"@type":"EntryPoint","urlTemplate":"https:\/\/sivalni-servis.si\/?s={search_term_string}"},"query-input":{"@type":"PropertyValueSpecification","valueRequired":true,"valueName":"search_term_string"}}],"inLanguage":"en-US"},{"@type":"Organization","@id":"https:\/\/sivalni-servis.si\/#organization","name":"Servis \u0160ivalnih Strojev Tratnik Darko s.p.","url":"https:\/\/sivalni-servis.si\/","logo":{"@type":"ImageObject","inLanguage":"en-US","@id":"https:\/\/sivalni-servis.si\/#\/schema\/logo\/image\/","url":"","contentUrl":"","caption":"Servis \u0160ivalnih Strojev Tratnik Darko s.p."},"image":{"@id":"https:\/\/sivalni-servis.si\/#\/schema\/logo\/image\/"},"sameAs":["https:\/\/www.facebook.com\/","https:\/\/www.instagram.com\/","https:\/\/www.linkedin.com\/","https:\/\/www.myspace.com\/","https:\/\/www.pinterest.com\/","https:\/\/www.youtube.com\/"]}]}},"_links":{"self":[{"href":"https:\/\/sivalni-servis.si\/index.php?rest_route=\/wp\/v2\/pages\/76","targetHints":{"allow":["GET"]}}],"collection":[{"href":"https:\/\/sivalni-servis.si\/index.php?rest_route=\/wp\/v2\/pages"}],"about":[{"href":"https:\/\/sivalni-servis.si\/index.php?rest_route=\/wp\/v2\/types\/page"}],"author":[{"embeddable":true,"href":"https:\/\/sivalni-servis.si\/index.php?rest_route=\/wp\/v2\/users\/1"}],"replies":[{"embeddable":true,"href":"https:\/\/sivalni-servis.si\/index.php?rest_route=%2Fwp%2Fv2%2Fcomments&post=76"}],"version-history":[{"count":15,"href":"https:\/\/sivalni-servis.si\/index.php?rest_route=\/wp\/v2\/pages\/76\/revisions"}],"predecessor-version":[{"id":460,"href":"https:\/\/sivalni-servis.si\/index.php?rest_route=\/wp\/v2\/pages\/76\/revisions\/460"}],"wp:featuredmedia":[{"embeddable":true,"href":"https:\/\/sivalni-servis.si\/index.php?rest_route=\/wp\/v2\/media\/12"}],"wp:attachment":[{"href":"https:\/\/sivalni-servis.si\/index.php?rest_route=%2Fwp%2Fv2%2Fmedia&parent=76"}],"curies":[{"name":"wp","href":"https:\/\/api.w.org\/{rel}","templated":true}]}}