{"id":84,"date":"2018-05-10T19:13:47","date_gmt":"2018-05-10T19:13:47","guid":{"rendered":"https:\/\/sivalni-servis.si\/?page_id=84"},"modified":"2018-05-28T11:01:54","modified_gmt":"2018-05-28T11:01:54","slug":"pribor-za-sivanje-in-pripomocki","status":"publish","type":"page","link":"https:\/\/sivalni-servis.si\/?page_id=84","title":{"rendered":"Pribor za \u0161ivanje in pripomo\u010dki"},"content":{"rendered":"<p>&nbsp;<\/p>\n<h2 style=\"text-align: center;\">Pribor za \u0161ivanje in pripomo\u010dki<\/h2>\n<p>&nbsp;<\/p>\n<p><em><strong>Prodaja pribora za \u0161ivanje in pripomo\u010dkov<\/strong><\/em><\/p>\n<ul>\n<li>\u00a0<strong>igle za gospodinjske \u0161ivalne<\/strong> stroje 705H proizvajalca GROZ-BECKERT , SCHMETZ\u00a0 \u00a0 \u00a0 \u00a0 \u00a0 \u00a0 \u00a0 \u00a0 \u00a0 \u00a0 \u00a0 \u00a0 \u00a0 \u00a0 \u00a0 \u00a0 \u00a0 \u00a0 \u00a0 \u00a0 \u00a0 \u00a0 \u00a0 \u00a0 \u00a0 \u00a0 \u00a0 \u00a0 \u00a0 \u00a0 \u00a0 \u00a0 \u00a0 \u00a0 \u00a0 \u00a0 \u00a0 \u00a0 \u00a0 \u00a0 \u00a0 \u00a0 \u00a0 \u00a0 \u00a0 \u00a0 \u00a0 \u00a0 \u00a0 razli\u010dne debeline 75 strech, 70, 80,90, 90 jeans, 100 in dvoigle<\/li>\n<li><strong>igle za industrijske stroje<\/strong> razli\u010dne debeline in sistemi (134, 134-35, DBx1, 1783&#8230;..)<\/li>\n<li><strong>sukanci<\/strong> razli\u010dne debeline in pestra izbira barv<\/li>\n<li><strong>olje<\/strong> za \u0161ivalne stroje (v litrski embala\u017ei ali majhni priro\u010dni stekleni\u010dki)<\/li>\n<li><strong>\u0161ivalne nogice<\/strong> za gospodinjske in industrijske stroje (cik-cak, raven \u0161iv, teflonske, za skrito zadrgo, ozke leve nogice, ozke desne&#8230;.)<\/li>\n<li><strong>\u0161pulce<\/strong>-vretena za razli\u010dne tipe strojev<\/li>\n<li>\u0161ivljski <strong>metri<\/strong><\/li>\n<li>razli\u010dne dimenzije<strong> \u0161karij<\/strong><\/li>\n<li>magnetna vodila<\/li>\n<li><strong>krede<\/strong> (navadne, silikonske, barvne in svn\u010dnik krede)<\/li>\n<li>lu\u010di in \u017earnice za \u0161ivalne stroje<\/li>\n<li>vbodne plo\u0161\u010dice<\/li>\n<li>rezervni deli za \u0161ivalne stroje znamke BAGAT in ostale<\/li>\n<li>kov\u010dki za stroje<\/li>\n<\/ul>\n<h3><img loading=\"lazy\" decoding=\"async\" class=\"alignnone size-medium wp-image-214\" src=\"https:\/\/sivalni-servis.si\/wp-content\/uploads\/2018\/05\/20180525_142501-300x169.jpg\" alt=\"\" width=\"300\" height=\"169\" srcset=\"https:\/\/sivalni-servis.si\/wp-content\/uploads\/2018\/05\/20180525_142501-300x169.jpg 300w, https:\/\/sivalni-servis.si\/wp-content\/uploads\/2018\/05\/20180525_142501-768x432.jpg 768w, https:\/\/sivalni-servis.si\/wp-content\/uploads\/2018\/05\/20180525_142501-1024x576.jpg 1024w\" sizes=\"auto, (max-width: 300px) 100vw, 300px\" \/> \u00a0<img loading=\"lazy\" decoding=\"async\" class=\"alignnone size-medium wp-image-213\" style=\"font-size: 16px;\" src=\"https:\/\/sivalni-servis.si\/wp-content\/uploads\/2018\/05\/20180525_142627-e1527252854604-169x300.jpg\" alt=\"\" width=\"169\" height=\"300\" srcset=\"https:\/\/sivalni-servis.si\/wp-content\/uploads\/2018\/05\/20180525_142627-e1527252854604-169x300.jpg 169w, https:\/\/sivalni-servis.si\/wp-content\/uploads\/2018\/05\/20180525_142627-e1527252854604-768x1365.jpg 768w, https:\/\/sivalni-servis.si\/wp-content\/uploads\/2018\/05\/20180525_142627-e1527252854604-576x1024.jpg 576w\" sizes=\"auto, (max-width: 169px) 100vw, 169px\" \/><img loading=\"lazy\" decoding=\"async\" class=\"alignnone size-medium wp-image-27\" style=\"font-size: 16px;\" src=\"https:\/\/sivalni-servis.si\/wp-content\/uploads\/2018\/05\/rede-navadne-silikonske-barvne-200x300.jpg\" alt=\"Popravilo na terenu in odkup likalnikov\" width=\"200\" height=\"300\" srcset=\"https:\/\/sivalni-servis.si\/wp-content\/uploads\/2018\/05\/rede-navadne-silikonske-barvne-200x300.jpg 200w, https:\/\/sivalni-servis.si\/wp-content\/uploads\/2018\/05\/rede-navadne-silikonske-barvne.jpg 640w\" sizes=\"auto, (max-width: 200px) 100vw, 200px\" \/><img loading=\"lazy\" decoding=\"async\" class=\"alignnone size-medium wp-image-212\" style=\"font-size: 16px;\" src=\"https:\/\/sivalni-servis.si\/wp-content\/uploads\/2018\/05\/20180525_142936-300x180.jpg\" alt=\"\" width=\"300\" height=\"180\" srcset=\"https:\/\/sivalni-servis.si\/wp-content\/uploads\/2018\/05\/20180525_142936-300x180.jpg 300w, https:\/\/sivalni-servis.si\/wp-content\/uploads\/2018\/05\/20180525_142936-768x461.jpg 768w, https:\/\/sivalni-servis.si\/wp-content\/uploads\/2018\/05\/20180525_142936-1024x614.jpg 1024w\" sizes=\"auto, (max-width: 300px) 100vw, 300px\" \/><img loading=\"lazy\" decoding=\"async\" class=\"alignnone size-medium wp-image-211\" style=\"font-size: 16px;\" src=\"https:\/\/sivalni-servis.si\/wp-content\/uploads\/2018\/05\/20180525_143204-300x169.jpg\" alt=\"\" width=\"300\" height=\"169\" srcset=\"https:\/\/sivalni-servis.si\/wp-content\/uploads\/2018\/05\/20180525_143204-300x169.jpg 300w, https:\/\/sivalni-servis.si\/wp-content\/uploads\/2018\/05\/20180525_143204-768x432.jpg 768w, https:\/\/sivalni-servis.si\/wp-content\/uploads\/2018\/05\/20180525_143204-1024x576.jpg 1024w\" sizes=\"auto, (max-width: 300px) 100vw, 300px\" \/><\/h3>\n<h3>Prodaja pribora za likalnike in rezervni deli<\/h3>\n<ul>\n<li>Tefloni za likalnike (univerzalni in alu. tefloni)<\/li>\n<li>varnostni ventili -\u010depi za razli\u010dne likalnike in tesnila zanje<\/li>\n<li>parne cevi, elektri\u010dni kabli..<\/li>\n<li>grelci za likalnike<\/li>\n<li>tesnila, termi\u010dne varovalke&#8230;.<\/li>\n<li>prevleke za likalne mize razli\u010dnih dimenzij<\/li>\n<li>krede za \u010di\u0161\u010denje likalne povr\u0161ine<\/li>\n<li>negorljive podloge za odstavljanje likalnikov<\/li>\n<li>prevleke likalnih valjev<\/li>\n<\/ul>\n<p><img loading=\"lazy\" decoding=\"async\" class=\"alignnone size-medium wp-image-210\" src=\"https:\/\/sivalni-servis.si\/wp-content\/uploads\/2018\/05\/20180525_143442-300x169.jpg\" alt=\"\" width=\"300\" height=\"169\" srcset=\"https:\/\/sivalni-servis.si\/wp-content\/uploads\/2018\/05\/20180525_143442-300x169.jpg 300w, https:\/\/sivalni-servis.si\/wp-content\/uploads\/2018\/05\/20180525_143442-768x432.jpg 768w, https:\/\/sivalni-servis.si\/wp-content\/uploads\/2018\/05\/20180525_143442-1024x576.jpg 1024w\" sizes=\"auto, (max-width: 300px) 100vw, 300px\" \/> <img loading=\"lazy\" decoding=\"async\" class=\"alignnone size-medium wp-image-209\" src=\"https:\/\/sivalni-servis.si\/wp-content\/uploads\/2018\/05\/20180525_143541-300x169.jpg\" alt=\"\" width=\"300\" height=\"169\" srcset=\"https:\/\/sivalni-servis.si\/wp-content\/uploads\/2018\/05\/20180525_143541-300x169.jpg 300w, https:\/\/sivalni-servis.si\/wp-content\/uploads\/2018\/05\/20180525_143541-768x432.jpg 768w, https:\/\/sivalni-servis.si\/wp-content\/uploads\/2018\/05\/20180525_143541-1024x576.jpg 1024w\" sizes=\"auto, (max-width: 300px) 100vw, 300px\" \/> <img loading=\"lazy\" decoding=\"async\" class=\"alignnone size-medium wp-image-208\" src=\"https:\/\/sivalni-servis.si\/wp-content\/uploads\/2018\/05\/20180525_143631-e1527252881325-169x300.jpg\" alt=\"\" width=\"169\" height=\"300\" srcset=\"https:\/\/sivalni-servis.si\/wp-content\/uploads\/2018\/05\/20180525_143631-e1527252881325-169x300.jpg 169w, https:\/\/sivalni-servis.si\/wp-content\/uploads\/2018\/05\/20180525_143631-e1527252881325-768x1365.jpg 768w, https:\/\/sivalni-servis.si\/wp-content\/uploads\/2018\/05\/20180525_143631-e1527252881325-576x1024.jpg 576w\" sizes=\"auto, (max-width: 169px) 100vw, 169px\" \/><\/p>\n<p>KJE SE NAHAJAMO?<\/p>\n<div>\n<div class=\"contact-map-container\"><iframe loading=\"lazy\" class=\"contact-map\" src=\"https:\/\/www.google.com\/maps\/embed\/v1\/place?q=Savinjska+cesta+108%2C+3310+%C5%BDalec&amp;key=AIzaSyCq4vWNv6eCGe2uvhPRGWQlv80IQp8dwTE\" width=\"600\" height=\"216\" frameborder=\"0\" data-mce-fragment=\"1\"><\/iframe><\/div>\n<div class=\"confit-address\"><a class=\"customize-unpreviewable\" href=\"http:\/\/maps.google.com\/maps?z=16&amp;q=savinjska+cesta+108,+3310+%C5%BDalec\" target=\"_blank\" rel=\"noopener\">Savinjska cesta 108, 3310 \u017dalec<\/a><\/div>\n<div><a class=\"fl r-ic1rowmAo0Zc\" title=\"Klic prek pogovorov Hangouts\" href=\"https:\/\/www.google.com\/search?hl=sl&amp;ei=e4b0WqTTJMOWkwX8yb-ACQ&amp;q=%C5%A1ivalni+servis+%C5%BEalec&amp;oq=%C5%A1i&amp;gs_l=psy-ab.3.0.35i39k1l2j0i67k1l4j0i131k1j0i67k1l2j0i131k1.373814.374191.0.375414.2.2.0.0.0.0.200.305.0j1j1.2.0....0...1c.1.64.psy-ab..0.2.303....0.aMetmApgoI0#\" data-number=\"+38637103144\" data-pstn-out-call-url=\"\" data-rtid=\"ic1rowmAo0Zc\" data-ved=\"0ahUKEwimr4L82_vaAhXJMewKHcFvA4sQkAgImgEoADAQ\">(03) 710 31 44<\/a><\/div>\n<div>041 404 722<\/div>\n<\/div>\n","protected":false},"excerpt":{"rendered":"<p>&nbsp; Pribor za \u0161ivanje in pripomo\u010dki &nbsp; Prodaja pribora za \u0161ivanje in pripomo\u010dkov \u00a0igle za gospodinjske \u0161ivalne stroje 705H proizvajalca GROZ-BECKERT , SCHMETZ\u00a0 \u00a0 \u00a0 \u00a0 \u00a0 \u00a0 \u00a0 \u00a0 \u00a0 \u00a0<\/p>\n<a class=\"moretag noptoppad\" href=\"https:\/\/sivalni-servis.si\/?page_id=84\">Read More...<\/a>","protected":false},"author":1,"featured_media":214,"parent":0,"menu_order":0,"comment_status":"closed","ping_status":"closed","template":"","meta":{"footnotes":""},"class_list":["post-84","page","type-page","status-publish","has-post-thumbnail","hentry"],"yoast_head":"<!-- This site is optimized with the Yoast SEO plugin v24.9 - https:\/\/yoast.com\/wordpress\/plugins\/seo\/ -->\n<title>Pribor za \u0161ivanje in pripomo\u010dki v podjetju Darko Tratnik s.p.<\/title>\n<meta name=\"description\" content=\"Pribor za \u0161ivanje in pripomo\u010dki v podjetju Darko Tratnik s.p. samo za vas. Poobla\u0161\u010den servis \u0161ivalnih strojev znamke Pfaff, Brother, Elna, popravila na terenu, Odkup likalnikov,\u00a0serviser za popravilo likalnikov,,prodaja industrijskih strojev, prodaja rabljenih strojev z garancijo.\" \/>\n<meta name=\"robots\" content=\"index, follow, max-snippet:-1, max-image-preview:large, max-video-preview:-1\" \/>\n<link rel=\"canonical\" href=\"https:\/\/sivalni-servis.si\/?page_id=84\" \/>\n<meta property=\"og:locale\" content=\"en_US\" \/>\n<meta property=\"og:type\" content=\"article\" \/>\n<meta property=\"og:title\" content=\"Pribor za \u0161ivanje in pripomo\u010dki v podjetju Darko Tratnik s.p.\" \/>\n<meta property=\"og:description\" content=\"Pribor za \u0161ivanje in pripomo\u010dki v podjetju Darko Tratnik s.p. samo za vas. Poobla\u0161\u010den servis \u0161ivalnih strojev znamke Pfaff, Brother, Elna, popravila na terenu, Odkup likalnikov,\u00a0serviser za popravilo likalnikov,,prodaja industrijskih strojev, prodaja rabljenih strojev z garancijo.\" \/>\n<meta property=\"og:url\" content=\"https:\/\/sivalni-servis.si\/?page_id=84\" \/>\n<meta property=\"og:site_name\" content=\"\u0160ivalni servis\" \/>\n<meta property=\"article:publisher\" content=\"https:\/\/www.facebook.com\/\" \/>\n<meta property=\"article:modified_time\" content=\"2018-05-28T11:01:54+00:00\" \/>\n<meta property=\"og:image\" content=\"https:\/\/sivalni-servis.si\/wp-content\/uploads\/2018\/05\/20180525_142501-1024x576.jpg\" \/>\n\t<meta property=\"og:image:width\" content=\"1024\" \/>\n\t<meta property=\"og:image:height\" content=\"576\" \/>\n\t<meta property=\"og:image:type\" content=\"image\/jpeg\" \/>\n<meta name=\"twitter:card\" content=\"summary_large_image\" \/>\n<meta name=\"twitter:label1\" content=\"Est. reading time\" \/>\n\t<meta name=\"twitter:data1\" content=\"1 minute\" \/>\n<script type=\"application\/ld+json\" class=\"yoast-schema-graph\">{\"@context\":\"https:\/\/schema.org\",\"@graph\":[{\"@type\":\"WebPage\",\"@id\":\"https:\/\/sivalni-servis.si\/?page_id=84\",\"url\":\"https:\/\/sivalni-servis.si\/?page_id=84\",\"name\":\"Pribor za \u0161ivanje in pripomo\u010dki v podjetju Darko Tratnik s.p.\",\"isPartOf\":{\"@id\":\"https:\/\/sivalni-servis.si\/#website\"},\"primaryImageOfPage\":{\"@id\":\"https:\/\/sivalni-servis.si\/?page_id=84#primaryimage\"},\"image\":{\"@id\":\"https:\/\/sivalni-servis.si\/?page_id=84#primaryimage\"},\"thumbnailUrl\":\"https:\/\/sivalni-servis.si\/wp-content\/uploads\/2018\/05\/20180525_142501.jpg\",\"datePublished\":\"2018-05-10T19:13:47+00:00\",\"dateModified\":\"2018-05-28T11:01:54+00:00\",\"description\":\"Pribor za \u0161ivanje in pripomo\u010dki v podjetju Darko Tratnik s.p. samo za vas. Poobla\u0161\u010den servis \u0161ivalnih strojev znamke Pfaff, Brother, Elna, popravila na terenu, Odkup likalnikov,\u00a0serviser za popravilo likalnikov,,prodaja industrijskih strojev, prodaja rabljenih strojev z garancijo.\",\"breadcrumb\":{\"@id\":\"https:\/\/sivalni-servis.si\/?page_id=84#breadcrumb\"},\"inLanguage\":\"en-US\",\"potentialAction\":[{\"@type\":\"ReadAction\",\"target\":[\"https:\/\/sivalni-servis.si\/?page_id=84\"]}]},{\"@type\":\"ImageObject\",\"inLanguage\":\"en-US\",\"@id\":\"https:\/\/sivalni-servis.si\/?page_id=84#primaryimage\",\"url\":\"https:\/\/sivalni-servis.si\/wp-content\/uploads\/2018\/05\/20180525_142501.jpg\",\"contentUrl\":\"https:\/\/sivalni-servis.si\/wp-content\/uploads\/2018\/05\/20180525_142501.jpg\",\"width\":4128,\"height\":2322,\"caption\":\"Industrijski overlock TEXI, SUKANCI na zalogi\"},{\"@type\":\"BreadcrumbList\",\"@id\":\"https:\/\/sivalni-servis.si\/?page_id=84#breadcrumb\",\"itemListElement\":[{\"@type\":\"ListItem\",\"position\":1,\"name\":\"Home\",\"item\":\"https:\/\/sivalni-servis.si\/\"},{\"@type\":\"ListItem\",\"position\":2,\"name\":\"Pribor za \u0161ivanje in pripomo\u010dki\"}]},{\"@type\":\"WebSite\",\"@id\":\"https:\/\/sivalni-servis.si\/#website\",\"url\":\"https:\/\/sivalni-servis.si\/\",\"name\":\"\u0160ivalni servis\",\"description\":\"Darko Tratnik s.p. \",\"publisher\":{\"@id\":\"https:\/\/sivalni-servis.si\/#organization\"},\"potentialAction\":[{\"@type\":\"SearchAction\",\"target\":{\"@type\":\"EntryPoint\",\"urlTemplate\":\"https:\/\/sivalni-servis.si\/?s={search_term_string}\"},\"query-input\":{\"@type\":\"PropertyValueSpecification\",\"valueRequired\":true,\"valueName\":\"search_term_string\"}}],\"inLanguage\":\"en-US\"},{\"@type\":\"Organization\",\"@id\":\"https:\/\/sivalni-servis.si\/#organization\",\"name\":\"Servis \u0160ivalnih Strojev Tratnik Darko s.p.\",\"url\":\"https:\/\/sivalni-servis.si\/\",\"logo\":{\"@type\":\"ImageObject\",\"inLanguage\":\"en-US\",\"@id\":\"https:\/\/sivalni-servis.si\/#\/schema\/logo\/image\/\",\"url\":\"\",\"contentUrl\":\"\",\"caption\":\"Servis \u0160ivalnih Strojev Tratnik Darko s.p.\"},\"image\":{\"@id\":\"https:\/\/sivalni-servis.si\/#\/schema\/logo\/image\/\"},\"sameAs\":[\"https:\/\/www.facebook.com\/\",\"https:\/\/www.instagram.com\/\",\"https:\/\/www.linkedin.com\/\",\"https:\/\/www.myspace.com\/\",\"https:\/\/www.pinterest.com\/\",\"https:\/\/www.youtube.com\/\"]}]}<\/script>\n<!-- \/ Yoast SEO plugin. -->","yoast_head_json":{"title":"Pribor za \u0161ivanje in pripomo\u010dki v podjetju Darko Tratnik s.p.","description":"Pribor za \u0161ivanje in pripomo\u010dki v podjetju Darko Tratnik s.p. samo za vas. Poobla\u0161\u010den servis \u0161ivalnih strojev znamke Pfaff, Brother, Elna, popravila na terenu, Odkup likalnikov,\u00a0serviser za popravilo likalnikov,,prodaja industrijskih strojev, prodaja rabljenih strojev z garancijo.","robots":{"index":"index","follow":"follow","max-snippet":"max-snippet:-1","max-image-preview":"max-image-preview:large","max-video-preview":"max-video-preview:-1"},"canonical":"https:\/\/sivalni-servis.si\/?page_id=84","og_locale":"en_US","og_type":"article","og_title":"Pribor za \u0161ivanje in pripomo\u010dki v podjetju Darko Tratnik s.p.","og_description":"Pribor za \u0161ivanje in pripomo\u010dki v podjetju Darko Tratnik s.p. samo za vas. Poobla\u0161\u010den servis \u0161ivalnih strojev znamke Pfaff, Brother, Elna, popravila na terenu, Odkup likalnikov,\u00a0serviser za popravilo likalnikov,,prodaja industrijskih strojev, prodaja rabljenih strojev z garancijo.","og_url":"https:\/\/sivalni-servis.si\/?page_id=84","og_site_name":"\u0160ivalni servis","article_publisher":"https:\/\/www.facebook.com\/","article_modified_time":"2018-05-28T11:01:54+00:00","og_image":[{"width":1024,"height":576,"url":"https:\/\/sivalni-servis.si\/wp-content\/uploads\/2018\/05\/20180525_142501-1024x576.jpg","type":"image\/jpeg"}],"twitter_card":"summary_large_image","twitter_misc":{"Est. reading time":"1 minute"},"schema":{"@context":"https:\/\/schema.org","@graph":[{"@type":"WebPage","@id":"https:\/\/sivalni-servis.si\/?page_id=84","url":"https:\/\/sivalni-servis.si\/?page_id=84","name":"Pribor za \u0161ivanje in pripomo\u010dki v podjetju Darko Tratnik s.p.","isPartOf":{"@id":"https:\/\/sivalni-servis.si\/#website"},"primaryImageOfPage":{"@id":"https:\/\/sivalni-servis.si\/?page_id=84#primaryimage"},"image":{"@id":"https:\/\/sivalni-servis.si\/?page_id=84#primaryimage"},"thumbnailUrl":"https:\/\/sivalni-servis.si\/wp-content\/uploads\/2018\/05\/20180525_142501.jpg","datePublished":"2018-05-10T19:13:47+00:00","dateModified":"2018-05-28T11:01:54+00:00","description":"Pribor za \u0161ivanje in pripomo\u010dki v podjetju Darko Tratnik s.p. samo za vas. Poobla\u0161\u010den servis \u0161ivalnih strojev znamke Pfaff, Brother, Elna, popravila na terenu, Odkup likalnikov,\u00a0serviser za popravilo likalnikov,,prodaja industrijskih strojev, prodaja rabljenih strojev z garancijo.","breadcrumb":{"@id":"https:\/\/sivalni-servis.si\/?page_id=84#breadcrumb"},"inLanguage":"en-US","potentialAction":[{"@type":"ReadAction","target":["https:\/\/sivalni-servis.si\/?page_id=84"]}]},{"@type":"ImageObject","inLanguage":"en-US","@id":"https:\/\/sivalni-servis.si\/?page_id=84#primaryimage","url":"https:\/\/sivalni-servis.si\/wp-content\/uploads\/2018\/05\/20180525_142501.jpg","contentUrl":"https:\/\/sivalni-servis.si\/wp-content\/uploads\/2018\/05\/20180525_142501.jpg","width":4128,"height":2322,"caption":"Industrijski overlock TEXI, SUKANCI na zalogi"},{"@type":"BreadcrumbList","@id":"https:\/\/sivalni-servis.si\/?page_id=84#breadcrumb","itemListElement":[{"@type":"ListItem","position":1,"name":"Home","item":"https:\/\/sivalni-servis.si\/"},{"@type":"ListItem","position":2,"name":"Pribor za \u0161ivanje in pripomo\u010dki"}]},{"@type":"WebSite","@id":"https:\/\/sivalni-servis.si\/#website","url":"https:\/\/sivalni-servis.si\/","name":"\u0160ivalni servis","description":"Darko Tratnik s.p. ","publisher":{"@id":"https:\/\/sivalni-servis.si\/#organization"},"potentialAction":[{"@type":"SearchAction","target":{"@type":"EntryPoint","urlTemplate":"https:\/\/sivalni-servis.si\/?s={search_term_string}"},"query-input":{"@type":"PropertyValueSpecification","valueRequired":true,"valueName":"search_term_string"}}],"inLanguage":"en-US"},{"@type":"Organization","@id":"https:\/\/sivalni-servis.si\/#organization","name":"Servis \u0160ivalnih Strojev Tratnik Darko s.p.","url":"https:\/\/sivalni-servis.si\/","logo":{"@type":"ImageObject","inLanguage":"en-US","@id":"https:\/\/sivalni-servis.si\/#\/schema\/logo\/image\/","url":"","contentUrl":"","caption":"Servis \u0160ivalnih Strojev Tratnik Darko s.p."},"image":{"@id":"https:\/\/sivalni-servis.si\/#\/schema\/logo\/image\/"},"sameAs":["https:\/\/www.facebook.com\/","https:\/\/www.instagram.com\/","https:\/\/www.linkedin.com\/","https:\/\/www.myspace.com\/","https:\/\/www.pinterest.com\/","https:\/\/www.youtube.com\/"]}]}},"_links":{"self":[{"href":"https:\/\/sivalni-servis.si\/index.php?rest_route=\/wp\/v2\/pages\/84","targetHints":{"allow":["GET"]}}],"collection":[{"href":"https:\/\/sivalni-servis.si\/index.php?rest_route=\/wp\/v2\/pages"}],"about":[{"href":"https:\/\/sivalni-servis.si\/index.php?rest_route=\/wp\/v2\/types\/page"}],"author":[{"embeddable":true,"href":"https:\/\/sivalni-servis.si\/index.php?rest_route=\/wp\/v2\/users\/1"}],"replies":[{"embeddable":true,"href":"https:\/\/sivalni-servis.si\/index.php?rest_route=%2Fwp%2Fv2%2Fcomments&post=84"}],"version-history":[{"count":7,"href":"https:\/\/sivalni-servis.si\/index.php?rest_route=\/wp\/v2\/pages\/84\/revisions"}],"predecessor-version":[{"id":221,"href":"https:\/\/sivalni-servis.si\/index.php?rest_route=\/wp\/v2\/pages\/84\/revisions\/221"}],"wp:featuredmedia":[{"embeddable":true,"href":"https:\/\/sivalni-servis.si\/index.php?rest_route=\/wp\/v2\/media\/214"}],"wp:attachment":[{"href":"https:\/\/sivalni-servis.si\/index.php?rest_route=%2Fwp%2Fv2%2Fmedia&parent=84"}],"curies":[{"name":"wp","href":"https:\/\/api.w.org\/{rel}","templated":true}]}}