{"id":89,"date":"2018-05-10T19:25:03","date_gmt":"2018-05-10T19:25:03","guid":{"rendered":"https:\/\/sivalni-servis.si\/?page_id=89"},"modified":"2019-03-26T11:19:20","modified_gmt":"2019-03-26T11:19:20","slug":"popravilo-na-terenu-in-odkup-likalnikov","status":"publish","type":"page","link":"https:\/\/sivalni-servis.si\/?page_id=89","title":{"rendered":"Odkup in prodaja rabljenih \u0161ivalnih strojev in likalnikov"},"content":{"rendered":"<h2 style=\"text-align: center;\">PONUDBA RABLJENIH STROJEV<\/h2>\n<p><strong>Popravilo na terenu in odkup likalnikov in \u0161ivalnih strojev v podjetju Darko Tratnik s.p. samo za vas.<\/strong><\/p>\n<p><strong>V kolikor imate \u0161ivalni stroj, overlock ali tla\u010dni likalnik, ki ga ne uporabljate ve\u010d se priporo\u010damo, da mu z na\u0161o pomo\u010djo najdemo novega uporabnika.<\/strong><\/p>\n<p><strong>Rabljeni stroje servisiramo in novim uporabnikom zagotavljamo 3 mese\u010dno garancijo.<\/strong><\/p>\n<p><strong> Seveda z obveznim prikazom delovanja in preizkusa.<\/strong><\/p>\n<p><span style=\"color: #ff0000;\"><strong>TRENUTNO IMAMO NA VOLJO\u00a0<\/strong><\/span><\/p>\n<p>&nbsp;<\/p>\n<p>&nbsp;<\/p>\n<ul>\n<li><\/li>\n<\/ul>\n<h3 class=\"widget-title\">KJE SE NAHAJAMO?<\/h3>\n<div>\n<div class=\"contact-map-container\"><iframe loading=\"lazy\" class=\"contact-map\" src=\"https:\/\/www.google.com\/maps\/embed\/v1\/place?q=Savinjska+cesta+108%2C+3310+%C5%BDalec&amp;key=AIzaSyCq4vWNv6eCGe2uvhPRGWQlv80IQp8dwTE\" width=\"600\" height=\"216\" frameborder=\"0\" data-mce-fragment=\"1\"><\/iframe><\/div>\n<div class=\"confit-address\"><a class=\"customize-unpreviewable\" href=\"http:\/\/maps.google.com\/maps?z=16&amp;q=savinjska+cesta+108,+3310+%C5%BDalec\" target=\"_blank\" rel=\"noopener\">Savinjska cesta 108, 3310 \u017dalec<\/a><\/div>\n<div><a class=\"fl r-ic1rowmAo0Zc\" title=\"Klic prek pogovorov Hangouts\" href=\"https:\/\/www.google.com\/search?hl=sl&amp;ei=e4b0WqTTJMOWkwX8yb-ACQ&amp;q=%C5%A1ivalni+servis+%C5%BEalec&amp;oq=%C5%A1i&amp;gs_l=psy-ab.3.0.35i39k1l2j0i67k1l4j0i131k1j0i67k1l2j0i131k1.373814.374191.0.375414.2.2.0.0.0.0.200.305.0j1j1.2.0....0...1c.1.64.psy-ab..0.2.303....0.aMetmApgoI0#\" data-number=\"+38637103144\" data-pstn-out-call-url=\"\" data-rtid=\"ic1rowmAo0Zc\" data-ved=\"0ahUKEwimr4L82_vaAhXJMewKHcFvA4sQkAgImgEoADAQ\">(03) 710 31 44<\/a><\/div>\n<div>041 404 722<\/div>\n<\/div>\n","protected":false},"excerpt":{"rendered":"<p>PONUDBA RABLJENIH STROJEV Popravilo na terenu in odkup likalnikov in \u0161ivalnih strojev v podjetju Darko Tratnik s.p. samo za vas. V kolikor imate \u0161ivalni stroj, overlock ali tla\u010dni likalnik, ki ga ne<\/p>\n<a class=\"moretag noptoppad\" href=\"https:\/\/sivalni-servis.si\/?page_id=89\">Read More...<\/a>","protected":false},"author":1,"featured_media":0,"parent":0,"menu_order":0,"comment_status":"closed","ping_status":"closed","template":"","meta":{"footnotes":""},"class_list":["post-89","page","type-page","status-publish","hentry"],"yoast_head":"<!-- This site is optimized with the Yoast SEO plugin v24.9 - https:\/\/yoast.com\/wordpress\/plugins\/seo\/ -->\n<title>Odkup in prodaja rabljenih \u0161ivalnih strojev in likalnikov - \u0160ivalni servis<\/title>\n<meta name=\"description\" content=\"Popravilo na terenu in odkup likalnikov v podjetju Darko Tratnik s.p. samo za vas. Poobla\u0161\u010den servis \u0161ivalnih strojev znamke Pfaff, Brother, Elna, popravila na terenu, Odkup likalnikov,\u00a0serviser za popravilo likalnikov,,prodaja industrijskih strojev, prodaja rabljenih strojev z garancijo.\" \/>\n<meta name=\"robots\" content=\"index, follow, max-snippet:-1, max-image-preview:large, max-video-preview:-1\" \/>\n<link rel=\"canonical\" href=\"https:\/\/sivalni-servis.si\/?page_id=89\" \/>\n<meta property=\"og:locale\" content=\"en_US\" \/>\n<meta property=\"og:type\" content=\"article\" \/>\n<meta property=\"og:title\" content=\"Odkup in prodaja rabljenih \u0161ivalnih strojev in likalnikov - \u0160ivalni servis\" \/>\n<meta property=\"og:description\" content=\"Popravilo na terenu in odkup likalnikov v podjetju Darko Tratnik s.p. samo za vas. Poobla\u0161\u010den servis \u0161ivalnih strojev znamke Pfaff, Brother, Elna, popravila na terenu, Odkup likalnikov,\u00a0serviser za popravilo likalnikov,,prodaja industrijskih strojev, prodaja rabljenih strojev z garancijo.\" \/>\n<meta property=\"og:url\" content=\"https:\/\/sivalni-servis.si\/?page_id=89\" \/>\n<meta property=\"og:site_name\" content=\"\u0160ivalni servis\" \/>\n<meta property=\"article:publisher\" content=\"https:\/\/www.facebook.com\/\" \/>\n<meta property=\"article:modified_time\" content=\"2019-03-26T11:19:20+00:00\" \/>\n<meta name=\"twitter:card\" content=\"summary_large_image\" \/>\n<script type=\"application\/ld+json\" class=\"yoast-schema-graph\">{\"@context\":\"https:\/\/schema.org\",\"@graph\":[{\"@type\":\"WebPage\",\"@id\":\"https:\/\/sivalni-servis.si\/?page_id=89\",\"url\":\"https:\/\/sivalni-servis.si\/?page_id=89\",\"name\":\"Odkup in prodaja rabljenih \u0161ivalnih strojev in likalnikov - \u0160ivalni servis\",\"isPartOf\":{\"@id\":\"https:\/\/sivalni-servis.si\/#website\"},\"datePublished\":\"2018-05-10T19:25:03+00:00\",\"dateModified\":\"2019-03-26T11:19:20+00:00\",\"description\":\"Popravilo na terenu in odkup likalnikov v podjetju Darko Tratnik s.p. samo za vas. Poobla\u0161\u010den servis \u0161ivalnih strojev znamke Pfaff, Brother, Elna, popravila na terenu, Odkup likalnikov,\u00a0serviser za popravilo likalnikov,,prodaja industrijskih strojev, prodaja rabljenih strojev z garancijo.\",\"breadcrumb\":{\"@id\":\"https:\/\/sivalni-servis.si\/?page_id=89#breadcrumb\"},\"inLanguage\":\"en-US\",\"potentialAction\":[{\"@type\":\"ReadAction\",\"target\":[\"https:\/\/sivalni-servis.si\/?page_id=89\"]}]},{\"@type\":\"BreadcrumbList\",\"@id\":\"https:\/\/sivalni-servis.si\/?page_id=89#breadcrumb\",\"itemListElement\":[{\"@type\":\"ListItem\",\"position\":1,\"name\":\"Home\",\"item\":\"https:\/\/sivalni-servis.si\/\"},{\"@type\":\"ListItem\",\"position\":2,\"name\":\"Odkup in prodaja rabljenih \u0161ivalnih strojev in likalnikov\"}]},{\"@type\":\"WebSite\",\"@id\":\"https:\/\/sivalni-servis.si\/#website\",\"url\":\"https:\/\/sivalni-servis.si\/\",\"name\":\"\u0160ivalni servis\",\"description\":\"Darko Tratnik s.p. \",\"publisher\":{\"@id\":\"https:\/\/sivalni-servis.si\/#organization\"},\"potentialAction\":[{\"@type\":\"SearchAction\",\"target\":{\"@type\":\"EntryPoint\",\"urlTemplate\":\"https:\/\/sivalni-servis.si\/?s={search_term_string}\"},\"query-input\":{\"@type\":\"PropertyValueSpecification\",\"valueRequired\":true,\"valueName\":\"search_term_string\"}}],\"inLanguage\":\"en-US\"},{\"@type\":\"Organization\",\"@id\":\"https:\/\/sivalni-servis.si\/#organization\",\"name\":\"Servis \u0160ivalnih Strojev Tratnik Darko s.p.\",\"url\":\"https:\/\/sivalni-servis.si\/\",\"logo\":{\"@type\":\"ImageObject\",\"inLanguage\":\"en-US\",\"@id\":\"https:\/\/sivalni-servis.si\/#\/schema\/logo\/image\/\",\"url\":\"\",\"contentUrl\":\"\",\"caption\":\"Servis \u0160ivalnih Strojev Tratnik Darko s.p.\"},\"image\":{\"@id\":\"https:\/\/sivalni-servis.si\/#\/schema\/logo\/image\/\"},\"sameAs\":[\"https:\/\/www.facebook.com\/\",\"https:\/\/www.instagram.com\/\",\"https:\/\/www.linkedin.com\/\",\"https:\/\/www.myspace.com\/\",\"https:\/\/www.pinterest.com\/\",\"https:\/\/www.youtube.com\/\"]}]}<\/script>\n<!-- \/ Yoast SEO plugin. -->","yoast_head_json":{"title":"Odkup in prodaja rabljenih \u0161ivalnih strojev in likalnikov - \u0160ivalni servis","description":"Popravilo na terenu in odkup likalnikov v podjetju Darko Tratnik s.p. samo za vas. Poobla\u0161\u010den servis \u0161ivalnih strojev znamke Pfaff, Brother, Elna, popravila na terenu, Odkup likalnikov,\u00a0serviser za popravilo likalnikov,,prodaja industrijskih strojev, prodaja rabljenih strojev z garancijo.","robots":{"index":"index","follow":"follow","max-snippet":"max-snippet:-1","max-image-preview":"max-image-preview:large","max-video-preview":"max-video-preview:-1"},"canonical":"https:\/\/sivalni-servis.si\/?page_id=89","og_locale":"en_US","og_type":"article","og_title":"Odkup in prodaja rabljenih \u0161ivalnih strojev in likalnikov - \u0160ivalni servis","og_description":"Popravilo na terenu in odkup likalnikov v podjetju Darko Tratnik s.p. samo za vas. Poobla\u0161\u010den servis \u0161ivalnih strojev znamke Pfaff, Brother, Elna, popravila na terenu, Odkup likalnikov,\u00a0serviser za popravilo likalnikov,,prodaja industrijskih strojev, prodaja rabljenih strojev z garancijo.","og_url":"https:\/\/sivalni-servis.si\/?page_id=89","og_site_name":"\u0160ivalni servis","article_publisher":"https:\/\/www.facebook.com\/","article_modified_time":"2019-03-26T11:19:20+00:00","twitter_card":"summary_large_image","schema":{"@context":"https:\/\/schema.org","@graph":[{"@type":"WebPage","@id":"https:\/\/sivalni-servis.si\/?page_id=89","url":"https:\/\/sivalni-servis.si\/?page_id=89","name":"Odkup in prodaja rabljenih \u0161ivalnih strojev in likalnikov - \u0160ivalni servis","isPartOf":{"@id":"https:\/\/sivalni-servis.si\/#website"},"datePublished":"2018-05-10T19:25:03+00:00","dateModified":"2019-03-26T11:19:20+00:00","description":"Popravilo na terenu in odkup likalnikov v podjetju Darko Tratnik s.p. samo za vas. Poobla\u0161\u010den servis \u0161ivalnih strojev znamke Pfaff, Brother, Elna, popravila na terenu, Odkup likalnikov,\u00a0serviser za popravilo likalnikov,,prodaja industrijskih strojev, prodaja rabljenih strojev z garancijo.","breadcrumb":{"@id":"https:\/\/sivalni-servis.si\/?page_id=89#breadcrumb"},"inLanguage":"en-US","potentialAction":[{"@type":"ReadAction","target":["https:\/\/sivalni-servis.si\/?page_id=89"]}]},{"@type":"BreadcrumbList","@id":"https:\/\/sivalni-servis.si\/?page_id=89#breadcrumb","itemListElement":[{"@type":"ListItem","position":1,"name":"Home","item":"https:\/\/sivalni-servis.si\/"},{"@type":"ListItem","position":2,"name":"Odkup in prodaja rabljenih \u0161ivalnih strojev in likalnikov"}]},{"@type":"WebSite","@id":"https:\/\/sivalni-servis.si\/#website","url":"https:\/\/sivalni-servis.si\/","name":"\u0160ivalni servis","description":"Darko Tratnik s.p. ","publisher":{"@id":"https:\/\/sivalni-servis.si\/#organization"},"potentialAction":[{"@type":"SearchAction","target":{"@type":"EntryPoint","urlTemplate":"https:\/\/sivalni-servis.si\/?s={search_term_string}"},"query-input":{"@type":"PropertyValueSpecification","valueRequired":true,"valueName":"search_term_string"}}],"inLanguage":"en-US"},{"@type":"Organization","@id":"https:\/\/sivalni-servis.si\/#organization","name":"Servis \u0160ivalnih Strojev Tratnik Darko s.p.","url":"https:\/\/sivalni-servis.si\/","logo":{"@type":"ImageObject","inLanguage":"en-US","@id":"https:\/\/sivalni-servis.si\/#\/schema\/logo\/image\/","url":"","contentUrl":"","caption":"Servis \u0160ivalnih Strojev Tratnik Darko s.p."},"image":{"@id":"https:\/\/sivalni-servis.si\/#\/schema\/logo\/image\/"},"sameAs":["https:\/\/www.facebook.com\/","https:\/\/www.instagram.com\/","https:\/\/www.linkedin.com\/","https:\/\/www.myspace.com\/","https:\/\/www.pinterest.com\/","https:\/\/www.youtube.com\/"]}]}},"_links":{"self":[{"href":"https:\/\/sivalni-servis.si\/index.php?rest_route=\/wp\/v2\/pages\/89","targetHints":{"allow":["GET"]}}],"collection":[{"href":"https:\/\/sivalni-servis.si\/index.php?rest_route=\/wp\/v2\/pages"}],"about":[{"href":"https:\/\/sivalni-servis.si\/index.php?rest_route=\/wp\/v2\/types\/page"}],"author":[{"embeddable":true,"href":"https:\/\/sivalni-servis.si\/index.php?rest_route=\/wp\/v2\/users\/1"}],"replies":[{"embeddable":true,"href":"https:\/\/sivalni-servis.si\/index.php?rest_route=%2Fwp%2Fv2%2Fcomments&post=89"}],"version-history":[{"count":10,"href":"https:\/\/sivalni-servis.si\/index.php?rest_route=\/wp\/v2\/pages\/89\/revisions"}],"predecessor-version":[{"id":248,"href":"https:\/\/sivalni-servis.si\/index.php?rest_route=\/wp\/v2\/pages\/89\/revisions\/248"}],"wp:attachment":[{"href":"https:\/\/sivalni-servis.si\/index.php?rest_route=%2Fwp%2Fv2%2Fmedia&parent=89"}],"curies":[{"name":"wp","href":"https:\/\/api.w.org\/{rel}","templated":true}]}}