{"id":97,"date":"2018-05-10T19:38:29","date_gmt":"2018-05-10T19:38:29","guid":{"rendered":"https:\/\/sivalni-servis.si\/?page_id=97"},"modified":"2018-05-14T07:49:19","modified_gmt":"2018-05-14T07:49:19","slug":"kontakt","status":"publish","type":"page","link":"https:\/\/sivalni-servis.si\/?page_id=97","title":{"rendered":"KONTAKT"},"content":{"rendered":"<h3 class=\"widget-title\">KJE SE NAHAJAMO?<\/h3>\n<div>\n<div class=\"contact-map-container\"><iframe loading=\"lazy\" class=\"contact-map\" src=\"https:\/\/www.google.com\/maps\/embed\/v1\/place?q=Savinjska+cesta+108%2C+3310+%C5%BDalec&amp;key=AIzaSyCq4vWNv6eCGe2uvhPRGWQlv80IQp8dwTE\" width=\"600\" height=\"216\" frameborder=\"0\" data-mce-fragment=\"1\"><\/iframe><\/div>\n<div class=\"confit-address\"><a class=\"customize-unpreviewable\" href=\"http:\/\/maps.google.com\/maps?z=16&amp;q=savinjska+cesta+108,+3310+%C5%BDalec\" target=\"_blank\" rel=\"noopener\">Savinjska cesta 108, 3310 \u017dalec<\/a><\/div>\n<div class=\"confit-phone\">Servis In Prodaja \u0160ivalne In Likalne Tehnike, Darko Tratnik S.P.Savinjska Cesta 108, 3310 \u017dalec\u00a0\u260e\u260e\u00a0(03) 710 31 44<\/div>\n<\/div>\n","protected":false},"excerpt":{"rendered":"<p>KJE SE NAHAJAMO? Savinjska cesta 108, 3310 \u017dalec Servis In Prodaja \u0160ivalne In Likalne Tehnike, Darko Tratnik S.P.Savinjska Cesta 108, 3310 \u017dalec\u00a0\u260e\u260e\u00a0(03) 710 31 44<\/p>\n<a class=\"moretag noptoppad\" href=\"https:\/\/sivalni-servis.si\/?page_id=97\">Read More...<\/a>","protected":false},"author":1,"featured_media":0,"parent":0,"menu_order":0,"comment_status":"closed","ping_status":"closed","template":"","meta":{"footnotes":""},"class_list":["post-97","page","type-page","status-publish","hentry"],"yoast_head":"<!-- This site is optimized with the Yoast SEO plugin v24.9 - https:\/\/yoast.com\/wordpress\/plugins\/seo\/ -->\n<title>KONTAKT - \u0160ivalni servis<\/title>\n<meta name=\"robots\" content=\"index, follow, max-snippet:-1, max-image-preview:large, max-video-preview:-1\" \/>\n<link rel=\"canonical\" href=\"https:\/\/sivalni-servis.si\/?page_id=97\" \/>\n<meta property=\"og:locale\" content=\"en_US\" \/>\n<meta property=\"og:type\" content=\"article\" \/>\n<meta property=\"og:title\" content=\"KONTAKT - \u0160ivalni servis\" \/>\n<meta property=\"og:description\" content=\"KJE SE NAHAJAMO? Savinjska cesta 108, 3310 \u017dalec Servis In Prodaja \u0160ivalne In Likalne Tehnike, Darko Tratnik S.P.Savinjska Cesta 108, 3310 \u017dalec\u00a0\u260e\u260e\u00a0(03) 710 31 44\" \/>\n<meta property=\"og:url\" content=\"https:\/\/sivalni-servis.si\/?page_id=97\" \/>\n<meta property=\"og:site_name\" content=\"\u0160ivalni servis\" \/>\n<meta property=\"article:publisher\" content=\"https:\/\/www.facebook.com\/\" \/>\n<meta property=\"article:modified_time\" content=\"2018-05-14T07:49:19+00:00\" \/>\n<meta name=\"twitter:card\" content=\"summary_large_image\" \/>\n<script type=\"application\/ld+json\" class=\"yoast-schema-graph\">{\"@context\":\"https:\/\/schema.org\",\"@graph\":[{\"@type\":\"WebPage\",\"@id\":\"https:\/\/sivalni-servis.si\/?page_id=97\",\"url\":\"https:\/\/sivalni-servis.si\/?page_id=97\",\"name\":\"KONTAKT - \u0160ivalni servis\",\"isPartOf\":{\"@id\":\"https:\/\/sivalni-servis.si\/#website\"},\"datePublished\":\"2018-05-10T19:38:29+00:00\",\"dateModified\":\"2018-05-14T07:49:19+00:00\",\"breadcrumb\":{\"@id\":\"https:\/\/sivalni-servis.si\/?page_id=97#breadcrumb\"},\"inLanguage\":\"en-US\",\"potentialAction\":[{\"@type\":\"ReadAction\",\"target\":[\"https:\/\/sivalni-servis.si\/?page_id=97\"]}]},{\"@type\":\"BreadcrumbList\",\"@id\":\"https:\/\/sivalni-servis.si\/?page_id=97#breadcrumb\",\"itemListElement\":[{\"@type\":\"ListItem\",\"position\":1,\"name\":\"Home\",\"item\":\"https:\/\/sivalni-servis.si\/\"},{\"@type\":\"ListItem\",\"position\":2,\"name\":\"KONTAKT\"}]},{\"@type\":\"WebSite\",\"@id\":\"https:\/\/sivalni-servis.si\/#website\",\"url\":\"https:\/\/sivalni-servis.si\/\",\"name\":\"\u0160ivalni servis\",\"description\":\"Darko Tratnik s.p. \",\"publisher\":{\"@id\":\"https:\/\/sivalni-servis.si\/#organization\"},\"potentialAction\":[{\"@type\":\"SearchAction\",\"target\":{\"@type\":\"EntryPoint\",\"urlTemplate\":\"https:\/\/sivalni-servis.si\/?s={search_term_string}\"},\"query-input\":{\"@type\":\"PropertyValueSpecification\",\"valueRequired\":true,\"valueName\":\"search_term_string\"}}],\"inLanguage\":\"en-US\"},{\"@type\":\"Organization\",\"@id\":\"https:\/\/sivalni-servis.si\/#organization\",\"name\":\"Servis \u0160ivalnih Strojev Tratnik Darko s.p.\",\"url\":\"https:\/\/sivalni-servis.si\/\",\"logo\":{\"@type\":\"ImageObject\",\"inLanguage\":\"en-US\",\"@id\":\"https:\/\/sivalni-servis.si\/#\/schema\/logo\/image\/\",\"url\":\"\",\"contentUrl\":\"\",\"caption\":\"Servis \u0160ivalnih Strojev Tratnik Darko s.p.\"},\"image\":{\"@id\":\"https:\/\/sivalni-servis.si\/#\/schema\/logo\/image\/\"},\"sameAs\":[\"https:\/\/www.facebook.com\/\",\"https:\/\/www.instagram.com\/\",\"https:\/\/www.linkedin.com\/\",\"https:\/\/www.myspace.com\/\",\"https:\/\/www.pinterest.com\/\",\"https:\/\/www.youtube.com\/\"]}]}<\/script>\n<!-- \/ Yoast SEO plugin. -->","yoast_head_json":{"title":"KONTAKT - \u0160ivalni servis","robots":{"index":"index","follow":"follow","max-snippet":"max-snippet:-1","max-image-preview":"max-image-preview:large","max-video-preview":"max-video-preview:-1"},"canonical":"https:\/\/sivalni-servis.si\/?page_id=97","og_locale":"en_US","og_type":"article","og_title":"KONTAKT - \u0160ivalni servis","og_description":"KJE SE NAHAJAMO? Savinjska cesta 108, 3310 \u017dalec Servis In Prodaja \u0160ivalne In Likalne Tehnike, Darko Tratnik S.P.Savinjska Cesta 108, 3310 \u017dalec\u00a0\u260e\u260e\u00a0(03) 710 31 44","og_url":"https:\/\/sivalni-servis.si\/?page_id=97","og_site_name":"\u0160ivalni servis","article_publisher":"https:\/\/www.facebook.com\/","article_modified_time":"2018-05-14T07:49:19+00:00","twitter_card":"summary_large_image","schema":{"@context":"https:\/\/schema.org","@graph":[{"@type":"WebPage","@id":"https:\/\/sivalni-servis.si\/?page_id=97","url":"https:\/\/sivalni-servis.si\/?page_id=97","name":"KONTAKT - \u0160ivalni servis","isPartOf":{"@id":"https:\/\/sivalni-servis.si\/#website"},"datePublished":"2018-05-10T19:38:29+00:00","dateModified":"2018-05-14T07:49:19+00:00","breadcrumb":{"@id":"https:\/\/sivalni-servis.si\/?page_id=97#breadcrumb"},"inLanguage":"en-US","potentialAction":[{"@type":"ReadAction","target":["https:\/\/sivalni-servis.si\/?page_id=97"]}]},{"@type":"BreadcrumbList","@id":"https:\/\/sivalni-servis.si\/?page_id=97#breadcrumb","itemListElement":[{"@type":"ListItem","position":1,"name":"Home","item":"https:\/\/sivalni-servis.si\/"},{"@type":"ListItem","position":2,"name":"KONTAKT"}]},{"@type":"WebSite","@id":"https:\/\/sivalni-servis.si\/#website","url":"https:\/\/sivalni-servis.si\/","name":"\u0160ivalni servis","description":"Darko Tratnik s.p. ","publisher":{"@id":"https:\/\/sivalni-servis.si\/#organization"},"potentialAction":[{"@type":"SearchAction","target":{"@type":"EntryPoint","urlTemplate":"https:\/\/sivalni-servis.si\/?s={search_term_string}"},"query-input":{"@type":"PropertyValueSpecification","valueRequired":true,"valueName":"search_term_string"}}],"inLanguage":"en-US"},{"@type":"Organization","@id":"https:\/\/sivalni-servis.si\/#organization","name":"Servis \u0160ivalnih Strojev Tratnik Darko s.p.","url":"https:\/\/sivalni-servis.si\/","logo":{"@type":"ImageObject","inLanguage":"en-US","@id":"https:\/\/sivalni-servis.si\/#\/schema\/logo\/image\/","url":"","contentUrl":"","caption":"Servis \u0160ivalnih Strojev Tratnik Darko s.p."},"image":{"@id":"https:\/\/sivalni-servis.si\/#\/schema\/logo\/image\/"},"sameAs":["https:\/\/www.facebook.com\/","https:\/\/www.instagram.com\/","https:\/\/www.linkedin.com\/","https:\/\/www.myspace.com\/","https:\/\/www.pinterest.com\/","https:\/\/www.youtube.com\/"]}]}},"_links":{"self":[{"href":"https:\/\/sivalni-servis.si\/index.php?rest_route=\/wp\/v2\/pages\/97","targetHints":{"allow":["GET"]}}],"collection":[{"href":"https:\/\/sivalni-servis.si\/index.php?rest_route=\/wp\/v2\/pages"}],"about":[{"href":"https:\/\/sivalni-servis.si\/index.php?rest_route=\/wp\/v2\/types\/page"}],"author":[{"embeddable":true,"href":"https:\/\/sivalni-servis.si\/index.php?rest_route=\/wp\/v2\/users\/1"}],"replies":[{"embeddable":true,"href":"https:\/\/sivalni-servis.si\/index.php?rest_route=%2Fwp%2Fv2%2Fcomments&post=97"}],"version-history":[{"count":2,"href":"https:\/\/sivalni-servis.si\/index.php?rest_route=\/wp\/v2\/pages\/97\/revisions"}],"predecessor-version":[{"id":178,"href":"https:\/\/sivalni-servis.si\/index.php?rest_route=\/wp\/v2\/pages\/97\/revisions\/178"}],"wp:attachment":[{"href":"https:\/\/sivalni-servis.si\/index.php?rest_route=%2Fwp%2Fv2%2Fmedia&parent=97"}],"curies":[{"name":"wp","href":"https:\/\/api.w.org\/{rel}","templated":true}]}}